{"id":11,"date":"2026-02-17T10:15:22","date_gmt":"2026-02-17T10:15:22","guid":{"rendered":"https:\/\/pablodelrio.fpcei.eu\/?page_id=11"},"modified":"2026-02-24T18:28:10","modified_gmt":"2026-02-24T18:28:10","slug":"el-universo-de-super-mario-juegos-personajes-y-curiosidades","status":"publish","type":"page","link":"https:\/\/pablodelrio.fpcei.eu\/","title":{"rendered":"El universo de Super Mario: juegos, personajes y curiosidades."},"content":{"rendered":"\n<p><strong>Bienvenidos al universo de Super Mario<\/strong><\/p>\n\n\n\n<p>Desde su primera aparici\u00f3n en los videojuegos, Super Mario se ha convertido en uno de los personajes m\u00e1s ic\u00f3nicos en la historia de los videojuegos. A lo largo de muchos a\u00f1os, ha protagonizado aventuras largas e inolvidables ya que ha viajado por mundos incre\u00edbles y ha enfrentado a villanos legendarios como Bowser, el antagonista principal de la saga<\/p>\n\n\n\n<p>En esta p\u00e1gina descubrir\u00e1s la historia de Mario, sus personajes m\u00e1s importantes, los juegos m\u00e1s destacados de la saga y muchas curiosidades que quiz\u00e1 no sab\u00edas<\/p>\n\n\n\n<p>\u00a1Prep\u00e1rate para saltar, correr y explorar el Reino Champi\u00f1\u00f3n!<\/p>\n\n\n\n<p><\/p>\n\n\n\n<figure class=\"wp-block-image size-large is-resized\"><img loading=\"lazy\" decoding=\"async\" width=\"668\" height=\"1024\" src=\"https:\/\/pablodelrio.fpcei.eu\/wp-content\/uploads\/2026\/02\/imagen_2026-02-17_120705493-668x1024.png\" alt=\"\" class=\"wp-image-51\" style=\"aspect-ratio:0.6523491205613237;width:117px;height:auto\" srcset=\"https:\/\/pablodelrio.fpcei.eu\/wp-content\/uploads\/2026\/02\/imagen_2026-02-17_120705493-668x1024.png 668w, https:\/\/pablodelrio.fpcei.eu\/wp-content\/uploads\/2026\/02\/imagen_2026-02-17_120705493-196x300.png 196w, https:\/\/pablodelrio.fpcei.eu\/wp-content\/uploads\/2026\/02\/imagen_2026-02-17_120705493-768x1177.png 768w, https:\/\/pablodelrio.fpcei.eu\/wp-content\/uploads\/2026\/02\/imagen_2026-02-17_120705493.png 800w\" sizes=\"auto, (max-width: 668px) 100vw, 668px\" \/><\/figure>\n\n\n\n<p><\/p>\n\n\n\n<p><\/p>\n\n\n\n<p><em>Super Mario no es solo un videojuego, es parte de la historia del entretenimiento<\/em><\/p>\n\n\n\n<p><\/p>\n","protected":false},"excerpt":{"rendered":"<p>Bienvenidos al universo de Super Mario Desde su primera aparici\u00f3n en los videojuegos, Super Mario se ha convertido en uno de los personajes m\u00e1s ic\u00f3nicos en la historia de los videojuegos. A lo largo de muchos a\u00f1os, ha protagonizado aventuras largas e inolvidables ya que ha viajado por mundos incre\u00edbles y ha enfrentado a villanos [&hellip;]<\/p>\n","protected":false},"author":2,"featured_media":0,"parent":0,"menu_order":0,"comment_status":"closed","ping_status":"closed","template":"","meta":{"footnotes":""},"class_list":["post-11","page","type-page","status-publish","hentry"],"_links":{"self":[{"href":"https:\/\/pablodelrio.fpcei.eu\/index.php?rest_route=\/wp\/v2\/pages\/11","targetHints":{"allow":["GET"]}}],"collection":[{"href":"https:\/\/pablodelrio.fpcei.eu\/index.php?rest_route=\/wp\/v2\/pages"}],"about":[{"href":"https:\/\/pablodelrio.fpcei.eu\/index.php?rest_route=\/wp\/v2\/types\/page"}],"author":[{"embeddable":true,"href":"https:\/\/pablodelrio.fpcei.eu\/index.php?rest_route=\/wp\/v2\/users\/2"}],"replies":[{"embeddable":true,"href":"https:\/\/pablodelrio.fpcei.eu\/index.php?rest_route=%2Fwp%2Fv2%2Fcomments&post=11"}],"version-history":[{"count":11,"href":"https:\/\/pablodelrio.fpcei.eu\/index.php?rest_route=\/wp\/v2\/pages\/11\/revisions"}],"predecessor-version":[{"id":239,"href":"https:\/\/pablodelrio.fpcei.eu\/index.php?rest_route=\/wp\/v2\/pages\/11\/revisions\/239"}],"wp:attachment":[{"href":"https:\/\/pablodelrio.fpcei.eu\/index.php?rest_route=%2Fwp%2Fv2%2Fmedia&parent=11"}],"curies":[{"name":"wp","href":"https:\/\/api.w.org\/{rel}","templated":true}]}}